{"id":1009,"date":"2022-01-04T10:06:41","date_gmt":"2022-01-04T10:06:41","guid":{"rendered":"https:\/\/anglerverein-mm.de\/?page_id=1009"},"modified":"2022-01-04T19:35:53","modified_gmt":"2022-01-04T19:35:53","slug":"see-iii","status":"publish","type":"page","link":"https:\/\/anglerverein-mm.de\/?page_id=1009","title":{"rendered":"See III"},"content":{"rendered":"\t\t<div data-elementor-type=\"wp-page\" data-elementor-id=\"1009\" class=\"elementor elementor-1009\" data-elementor-post-type=\"page\">\n\t\t\t\t\t\t<section class=\"elementor-section elementor-top-section elementor-element elementor-element-1b89abcb elementor-section-boxed elementor-section-height-default elementor-section-height-default\" data-id=\"1b89abcb\" data-element_type=\"section\" data-e-type=\"section\">\n\t\t\t\t\t\t<div class=\"elementor-container elementor-column-gap-default\">\n\t\t\t\t\t<div class=\"elementor-column elementor-col-100 elementor-top-column elementor-element elementor-element-41cd4841\" data-id=\"41cd4841\" data-element_type=\"column\" data-e-type=\"column\">\n\t\t\t<div class=\"elementor-widget-wrap elementor-element-populated\">\n\t\t\t\t\t\t<div class=\"elementor-element elementor-element-f376734 elementor-widget elementor-widget-text-editor\" data-id=\"f376734\" data-element_type=\"widget\" data-e-type=\"widget\" data-widget_type=\"text-editor.default\">\n\t\t\t\t<div class=\"elementor-widget-container\">\n\t\t\t\t\t\t\t\t\t<p style=\"text-align: left;\"><span style=\"font-family: Arial;\">Dieser ca. 2,4 ha gro\u00dfe Baggersee hat eine charakteristische Halbinsel, die von Anglern gern als Angelplatz angenommen wird. Eine kleine Insel dient dem Eisvogel als Brutplatz und darf nicht betreten werden. Sehr idyllisch gelegener See mit starkem Baum- und Strauchbestand. Dieser See wird vom Grundwasser gespeist und ist zus\u00e4tzlich seit dem Jahr 2006 zum Main hin offenen See IV verbunden.<\/span><\/p>\t\t\t\t\t\t\t\t<\/div>\n\t\t\t\t<\/div>\n\t\t\t\t<div class=\"elementor-element elementor-element-dca26d1 gallery-spacing-custom elementor-widget elementor-widget-image-gallery\" data-id=\"dca26d1\" data-element_type=\"widget\" data-e-type=\"widget\" data-widget_type=\"image-gallery.default\">\n\t\t\t\t<div class=\"elementor-widget-container\">\n\t\t\t\t\t\t\t<div class=\"elementor-image-gallery\">\n\t\t\t<div id='gallery-1' class='gallery galleryid-1009 gallery-columns-5 gallery-size-medium'><figure class='gallery-item'>\n\t\t\t<div class='gallery-icon landscape'>\n\t\t\t\t<a data-elementor-open-lightbox=\"yes\" data-elementor-lightbox-slideshow=\"dca26d1\" data-elementor-lightbox-title=\"see3_1\" data-e-action-hash=\"#elementor-action%3Aaction%3Dlightbox%26settings%3DeyJpZCI6MTAxMSwidXJsIjoiaHR0cHM6XC9cL2FuZ2xlcnZlcmVpbi1tbS5kZVwvd3AtY29udGVudFwvdXBsb2Fkc1wvMjAyMlwvMDFcL3NlZTNfMS5qcGVnIiwic2xpZGVzaG93IjoiZGNhMjZkMSJ9\" href='https:\/\/anglerverein-mm.de\/wp-content\/uploads\/2022\/01\/see3_1.jpeg'><img fetchpriority=\"high\" decoding=\"async\" width=\"300\" height=\"211\" src=\"https:\/\/anglerverein-mm.de\/wp-content\/uploads\/2022\/01\/see3_1-300x211.jpeg\" class=\"attachment-medium size-medium\" alt=\"\" srcset=\"https:\/\/anglerverein-mm.de\/wp-content\/uploads\/2022\/01\/see3_1-300x211.jpeg 300w, https:\/\/anglerverein-mm.de\/wp-content\/uploads\/2022\/01\/see3_1-768x540.jpeg 768w, https:\/\/anglerverein-mm.de\/wp-content\/uploads\/2022\/01\/see3_1.jpeg 800w\" sizes=\"(max-width: 300px) 100vw, 300px\" \/><\/a>\n\t\t\t<\/div><\/figure><figure class='gallery-item'>\n\t\t\t<div class='gallery-icon landscape'>\n\t\t\t\t<a data-elementor-open-lightbox=\"yes\" data-elementor-lightbox-slideshow=\"dca26d1\" data-elementor-lightbox-title=\"see3_2\" data-e-action-hash=\"#elementor-action%3Aaction%3Dlightbox%26settings%3DeyJpZCI6MTAxMiwidXJsIjoiaHR0cHM6XC9cL2FuZ2xlcnZlcmVpbi1tbS5kZVwvd3AtY29udGVudFwvdXBsb2Fkc1wvMjAyMlwvMDFcL3NlZTNfMi5qcGVnIiwic2xpZGVzaG93IjoiZGNhMjZkMSJ9\" href='https:\/\/anglerverein-mm.de\/wp-content\/uploads\/2022\/01\/see3_2.jpeg'><img decoding=\"async\" width=\"300\" height=\"207\" src=\"https:\/\/anglerverein-mm.de\/wp-content\/uploads\/2022\/01\/see3_2-300x207.jpeg\" class=\"attachment-medium size-medium\" alt=\"\" srcset=\"https:\/\/anglerverein-mm.de\/wp-content\/uploads\/2022\/01\/see3_2-300x207.jpeg 300w, https:\/\/anglerverein-mm.de\/wp-content\/uploads\/2022\/01\/see3_2-768x530.jpeg 768w, https:\/\/anglerverein-mm.de\/wp-content\/uploads\/2022\/01\/see3_2.jpeg 800w\" sizes=\"(max-width: 300px) 100vw, 300px\" \/><\/a>\n\t\t\t<\/div><\/figure><figure class='gallery-item'>\n\t\t\t<div class='gallery-icon landscape'>\n\t\t\t\t<a data-elementor-open-lightbox=\"yes\" data-elementor-lightbox-slideshow=\"dca26d1\" data-elementor-lightbox-title=\"see3_3\" data-e-action-hash=\"#elementor-action%3Aaction%3Dlightbox%26settings%3DeyJpZCI6MTAxMywidXJsIjoiaHR0cHM6XC9cL2FuZ2xlcnZlcmVpbi1tbS5kZVwvd3AtY29udGVudFwvdXBsb2Fkc1wvMjAyMlwvMDFcL3NlZTNfMy5qcGVnIiwic2xpZGVzaG93IjoiZGNhMjZkMSJ9\" href='https:\/\/anglerverein-mm.de\/wp-content\/uploads\/2022\/01\/see3_3.jpeg'><img decoding=\"async\" width=\"300\" height=\"208\" src=\"https:\/\/anglerverein-mm.de\/wp-content\/uploads\/2022\/01\/see3_3-300x208.jpeg\" class=\"attachment-medium size-medium\" alt=\"\" srcset=\"https:\/\/anglerverein-mm.de\/wp-content\/uploads\/2022\/01\/see3_3-300x208.jpeg 300w, https:\/\/anglerverein-mm.de\/wp-content\/uploads\/2022\/01\/see3_3-768x532.jpeg 768w, https:\/\/anglerverein-mm.de\/wp-content\/uploads\/2022\/01\/see3_3.jpeg 800w\" sizes=\"(max-width: 300px) 100vw, 300px\" \/><\/a>\n\t\t\t<\/div><\/figure><figure class='gallery-item'>\n\t\t\t<div class='gallery-icon landscape'>\n\t\t\t\t<a data-elementor-open-lightbox=\"yes\" data-elementor-lightbox-slideshow=\"dca26d1\" data-elementor-lightbox-title=\"see3_4\" data-e-action-hash=\"#elementor-action%3Aaction%3Dlightbox%26settings%3DeyJpZCI6MTAxNCwidXJsIjoiaHR0cHM6XC9cL2FuZ2xlcnZlcmVpbi1tbS5kZVwvd3AtY29udGVudFwvdXBsb2Fkc1wvMjAyMlwvMDFcL3NlZTNfNC5qcGVnIiwic2xpZGVzaG93IjoiZGNhMjZkMSJ9\" href='https:\/\/anglerverein-mm.de\/wp-content\/uploads\/2022\/01\/see3_4.jpeg'><img loading=\"lazy\" decoding=\"async\" width=\"300\" height=\"208\" src=\"https:\/\/anglerverein-mm.de\/wp-content\/uploads\/2022\/01\/see3_4-300x208.jpeg\" class=\"attachment-medium size-medium\" alt=\"\" srcset=\"https:\/\/anglerverein-mm.de\/wp-content\/uploads\/2022\/01\/see3_4-300x208.jpeg 300w, https:\/\/anglerverein-mm.de\/wp-content\/uploads\/2022\/01\/see3_4-768x532.jpeg 768w, https:\/\/anglerverein-mm.de\/wp-content\/uploads\/2022\/01\/see3_4.jpeg 800w\" sizes=\"(max-width: 300px) 100vw, 300px\" \/><\/a>\n\t\t\t<\/div><\/figure><figure class='gallery-item'>\n\t\t\t<div class='gallery-icon landscape'>\n\t\t\t\t<a data-elementor-open-lightbox=\"yes\" data-elementor-lightbox-slideshow=\"dca26d1\" data-elementor-lightbox-title=\"see3_5\" data-e-action-hash=\"#elementor-action%3Aaction%3Dlightbox%26settings%3DeyJpZCI6MTAxNSwidXJsIjoiaHR0cHM6XC9cL2FuZ2xlcnZlcmVpbi1tbS5kZVwvd3AtY29udGVudFwvdXBsb2Fkc1wvMjAyMlwvMDFcL3NlZTNfNS5qcGVnIiwic2xpZGVzaG93IjoiZGNhMjZkMSJ9\" href='https:\/\/anglerverein-mm.de\/wp-content\/uploads\/2022\/01\/see3_5.jpeg'><img loading=\"lazy\" decoding=\"async\" width=\"300\" height=\"207\" src=\"https:\/\/anglerverein-mm.de\/wp-content\/uploads\/2022\/01\/see3_5-300x207.jpeg\" class=\"attachment-medium size-medium\" alt=\"\" srcset=\"https:\/\/anglerverein-mm.de\/wp-content\/uploads\/2022\/01\/see3_5-300x207.jpeg 300w, https:\/\/anglerverein-mm.de\/wp-content\/uploads\/2022\/01\/see3_5-768x530.jpeg 768w, https:\/\/anglerverein-mm.de\/wp-content\/uploads\/2022\/01\/see3_5.jpeg 800w\" sizes=\"(max-width: 300px) 100vw, 300px\" \/><\/a>\n\t\t\t<\/div><\/figure><figure class='gallery-item'>\n\t\t\t<div class='gallery-icon landscape'>\n\t\t\t\t<a data-elementor-open-lightbox=\"yes\" data-elementor-lightbox-slideshow=\"dca26d1\" data-elementor-lightbox-title=\"see3_6\" data-e-action-hash=\"#elementor-action%3Aaction%3Dlightbox%26settings%3DeyJpZCI6MTAxNiwidXJsIjoiaHR0cHM6XC9cL2FuZ2xlcnZlcmVpbi1tbS5kZVwvd3AtY29udGVudFwvdXBsb2Fkc1wvMjAyMlwvMDFcL3NlZTNfNi5qcGVnIiwic2xpZGVzaG93IjoiZGNhMjZkMSJ9\" href='https:\/\/anglerverein-mm.de\/wp-content\/uploads\/2022\/01\/see3_6.jpeg'><img loading=\"lazy\" decoding=\"async\" width=\"300\" height=\"212\" src=\"https:\/\/anglerverein-mm.de\/wp-content\/uploads\/2022\/01\/see3_6-300x212.jpeg\" class=\"attachment-medium size-medium\" alt=\"\" srcset=\"https:\/\/anglerverein-mm.de\/wp-content\/uploads\/2022\/01\/see3_6-300x212.jpeg 300w, https:\/\/anglerverein-mm.de\/wp-content\/uploads\/2022\/01\/see3_6-768x541.jpeg 768w, https:\/\/anglerverein-mm.de\/wp-content\/uploads\/2022\/01\/see3_6.jpeg 800w\" sizes=\"(max-width: 300px) 100vw, 300px\" \/><\/a>\n\t\t\t<\/div><\/figure><figure class='gallery-item'>\n\t\t\t<div class='gallery-icon landscape'>\n\t\t\t\t<a data-elementor-open-lightbox=\"yes\" data-elementor-lightbox-slideshow=\"dca26d1\" data-elementor-lightbox-title=\"see3_7\" data-e-action-hash=\"#elementor-action%3Aaction%3Dlightbox%26settings%3DeyJpZCI6MTAxNywidXJsIjoiaHR0cHM6XC9cL2FuZ2xlcnZlcmVpbi1tbS5kZVwvd3AtY29udGVudFwvdXBsb2Fkc1wvMjAyMlwvMDFcL3NlZTNfNy5qcGVnIiwic2xpZGVzaG93IjoiZGNhMjZkMSJ9\" href='https:\/\/anglerverein-mm.de\/wp-content\/uploads\/2022\/01\/see3_7.jpeg'><img loading=\"lazy\" decoding=\"async\" width=\"300\" height=\"206\" src=\"https:\/\/anglerverein-mm.de\/wp-content\/uploads\/2022\/01\/see3_7-300x206.jpeg\" class=\"attachment-medium size-medium\" alt=\"\" srcset=\"https:\/\/anglerverein-mm.de\/wp-content\/uploads\/2022\/01\/see3_7-300x206.jpeg 300w, https:\/\/anglerverein-mm.de\/wp-content\/uploads\/2022\/01\/see3_7-768x528.jpeg 768w, https:\/\/anglerverein-mm.de\/wp-content\/uploads\/2022\/01\/see3_7.jpeg 800w\" sizes=\"(max-width: 300px) 100vw, 300px\" \/><\/a>\n\t\t\t<\/div><\/figure><figure class='gallery-item'>\n\t\t\t<div class='gallery-icon landscape'>\n\t\t\t\t<a data-elementor-open-lightbox=\"yes\" data-elementor-lightbox-slideshow=\"dca26d1\" data-elementor-lightbox-title=\"see3_8\" data-e-action-hash=\"#elementor-action%3Aaction%3Dlightbox%26settings%3DeyJpZCI6MTAxOCwidXJsIjoiaHR0cHM6XC9cL2FuZ2xlcnZlcmVpbi1tbS5kZVwvd3AtY29udGVudFwvdXBsb2Fkc1wvMjAyMlwvMDFcL3NlZTNfOC5qcGVnIiwic2xpZGVzaG93IjoiZGNhMjZkMSJ9\" href='https:\/\/anglerverein-mm.de\/wp-content\/uploads\/2022\/01\/see3_8.jpeg'><img loading=\"lazy\" decoding=\"async\" width=\"300\" height=\"210\" src=\"https:\/\/anglerverein-mm.de\/wp-content\/uploads\/2022\/01\/see3_8-300x210.jpeg\" class=\"attachment-medium size-medium\" alt=\"\" srcset=\"https:\/\/anglerverein-mm.de\/wp-content\/uploads\/2022\/01\/see3_8-300x210.jpeg 300w, https:\/\/anglerverein-mm.de\/wp-content\/uploads\/2022\/01\/see3_8-768x537.jpeg 768w, https:\/\/anglerverein-mm.de\/wp-content\/uploads\/2022\/01\/see3_8.jpeg 800w\" sizes=\"(max-width: 300px) 100vw, 300px\" \/><\/a>\n\t\t\t<\/div><\/figure><figure class='gallery-item'>\n\t\t\t<div class='gallery-icon landscape'>\n\t\t\t\t<a data-elementor-open-lightbox=\"yes\" data-elementor-lightbox-slideshow=\"dca26d1\" data-elementor-lightbox-title=\"see3_9\" data-e-action-hash=\"#elementor-action%3Aaction%3Dlightbox%26settings%3DeyJpZCI6MTAxOSwidXJsIjoiaHR0cHM6XC9cL2FuZ2xlcnZlcmVpbi1tbS5kZVwvd3AtY29udGVudFwvdXBsb2Fkc1wvMjAyMlwvMDFcL3NlZTNfOS5qcGVnIiwic2xpZGVzaG93IjoiZGNhMjZkMSJ9\" href='https:\/\/anglerverein-mm.de\/wp-content\/uploads\/2022\/01\/see3_9.jpeg'><img loading=\"lazy\" decoding=\"async\" width=\"300\" height=\"208\" src=\"https:\/\/anglerverein-mm.de\/wp-content\/uploads\/2022\/01\/see3_9-300x208.jpeg\" class=\"attachment-medium size-medium\" alt=\"\" srcset=\"https:\/\/anglerverein-mm.de\/wp-content\/uploads\/2022\/01\/see3_9-300x208.jpeg 300w, https:\/\/anglerverein-mm.de\/wp-content\/uploads\/2022\/01\/see3_9-768x532.jpeg 768w, https:\/\/anglerverein-mm.de\/wp-content\/uploads\/2022\/01\/see3_9.jpeg 800w\" sizes=\"(max-width: 300px) 100vw, 300px\" \/><\/a>\n\t\t\t<\/div><\/figure>\n\t\t<\/div>\n\t\t<\/div>\n\t\t\t\t\t\t<\/div>\n\t\t\t\t<\/div>\n\t\t\t\t<div class=\"elementor-element elementor-element-00dc86a elementor-widget-divider--view-line_icon elementor-widget-divider--separator-type-pattern elementor-view-default elementor-widget-divider--element-align-center elementor-widget elementor-widget-divider\" data-id=\"00dc86a\" data-element_type=\"widget\" data-e-type=\"widget\" data-widget_type=\"divider.default\">\n\t\t\t\t<div class=\"elementor-widget-container\">\n\t\t\t\t\t\t\t<div class=\"elementor-divider\" style=\"--divider-pattern-url: url(&quot;data:image\/svg+xml,%3Csvg xmlns=&#039;http:\/\/www.w3.org\/2000\/svg&#039; preserveAspectRatio=&#039;none&#039; overflow=&#039;visible&#039; height=&#039;100%&#039; viewBox=&#039;0 0 24 24&#039; fill=&#039;none&#039; stroke=&#039;black&#039; stroke-width=&#039;1&#039; stroke-linecap=&#039;square&#039; stroke-miterlimit=&#039;10&#039;%3E%3Cpath d=&#039;M0,6c6,0,6,13,12,13S18,6,24,6&#039;\/%3E%3C\/svg%3E&quot;);\">\n\t\t\t<span class=\"elementor-divider-separator\">\n\t\t\t\t\t\t\t<div class=\"elementor-icon elementor-divider__element\">\n\t\t\t\t\t<i aria-hidden=\"true\" class=\"fas fa-fish\"><\/i><\/div>\n\t\t\t\t\t\t<\/span>\n\t\t<\/div>\n\t\t\t\t\t\t<\/div>\n\t\t\t\t<\/div>\n\t\t\t\t<div class=\"elementor-element elementor-element-0a9aeda elementor-widget elementor-widget-text-editor\" data-id=\"0a9aeda\" data-element_type=\"widget\" data-e-type=\"widget\" data-widget_type=\"text-editor.default\">\n\t\t\t\t<div class=\"elementor-widget-container\">\n\t\t\t\t\t\t\t\t\t<h4 style=\"font-size: 1.33333rem; font-style: normal;\"><span style=\"font-family: Arial;\">Bodenverh\u00e4ltnisse<\/span><\/h4><p style=\"font-size: 15px; font-style: normal; font-weight: 400;\"><span style=\"font-family: Arial;\">Im westlichen Bereich (entlang des Fischlehrpfades) befindet sich eine ausgedehnte Flachwasserzone mit relativ hartem Lehmuntergrund. Die restlichen Bereiche sind teils sandig, teils schlammig.<\/span><\/p>\t\t\t\t\t\t\t\t<\/div>\n\t\t\t\t<\/div>\n\t\t\t\t<div class=\"elementor-element elementor-element-08713e7 elementor-widget-divider--view-line_icon elementor-widget-divider--separator-type-pattern elementor-view-default elementor-widget-divider--element-align-center elementor-widget elementor-widget-divider\" data-id=\"08713e7\" data-element_type=\"widget\" data-e-type=\"widget\" data-widget_type=\"divider.default\">\n\t\t\t\t<div class=\"elementor-widget-container\">\n\t\t\t\t\t\t\t<div class=\"elementor-divider\" style=\"--divider-pattern-url: url(&quot;data:image\/svg+xml,%3Csvg xmlns=&#039;http:\/\/www.w3.org\/2000\/svg&#039; preserveAspectRatio=&#039;none&#039; overflow=&#039;visible&#039; height=&#039;100%&#039; viewBox=&#039;0 0 24 24&#039; fill=&#039;none&#039; stroke=&#039;black&#039; stroke-width=&#039;1&#039; stroke-linecap=&#039;square&#039; stroke-miterlimit=&#039;10&#039;%3E%3Cpath d=&#039;M0,6c6,0,6,13,12,13S18,6,24,6&#039;\/%3E%3C\/svg%3E&quot;);\">\n\t\t\t<span class=\"elementor-divider-separator\">\n\t\t\t\t\t\t\t<div class=\"elementor-icon elementor-divider__element\">\n\t\t\t\t\t<i aria-hidden=\"true\" class=\"fas fa-fish\"><\/i><\/div>\n\t\t\t\t\t\t<\/span>\n\t\t<\/div>\n\t\t\t\t\t\t<\/div>\n\t\t\t\t<\/div>\n\t\t\t\t<div class=\"elementor-element elementor-element-9419125 elementor-widget elementor-widget-text-editor\" data-id=\"9419125\" data-element_type=\"widget\" data-e-type=\"widget\" data-widget_type=\"text-editor.default\">\n\t\t\t\t<div class=\"elementor-widget-container\">\n\t\t\t\t\t\t\t\t\t<h4>Tiefe<\/h4><p><span style=\"font-family: Arial;\">Flachwasser im Bereich des Fischlehrpfades mit einer Tiefe von ca. 0,5 m. Ansonsten Tiefen zwischen 1,5 und 3,5 m.<\/span><\/p>\t\t\t\t\t\t\t\t<\/div>\n\t\t\t\t<\/div>\n\t\t\t\t<div class=\"elementor-element elementor-element-d26dce1 elementor-widget-divider--view-line_icon elementor-widget-divider--separator-type-pattern elementor-view-default elementor-widget-divider--element-align-center elementor-widget elementor-widget-divider\" data-id=\"d26dce1\" data-element_type=\"widget\" data-e-type=\"widget\" data-widget_type=\"divider.default\">\n\t\t\t\t<div class=\"elementor-widget-container\">\n\t\t\t\t\t\t\t<div class=\"elementor-divider\" style=\"--divider-pattern-url: url(&quot;data:image\/svg+xml,%3Csvg xmlns=&#039;http:\/\/www.w3.org\/2000\/svg&#039; preserveAspectRatio=&#039;none&#039; overflow=&#039;visible&#039; height=&#039;100%&#039; viewBox=&#039;0 0 24 24&#039; fill=&#039;none&#039; stroke=&#039;black&#039; stroke-width=&#039;1&#039; stroke-linecap=&#039;square&#039; stroke-miterlimit=&#039;10&#039;%3E%3Cpath d=&#039;M0,6c6,0,6,13,12,13S18,6,24,6&#039;\/%3E%3C\/svg%3E&quot;);\">\n\t\t\t<span class=\"elementor-divider-separator\">\n\t\t\t\t\t\t\t<div class=\"elementor-icon elementor-divider__element\">\n\t\t\t\t\t<i aria-hidden=\"true\" class=\"fas fa-fish\"><\/i><\/div>\n\t\t\t\t\t\t<\/span>\n\t\t<\/div>\n\t\t\t\t\t\t<\/div>\n\t\t\t\t<\/div>\n\t\t\t\t<div class=\"elementor-element elementor-element-d0a31ca elementor-widget elementor-widget-text-editor\" data-id=\"d0a31ca\" data-element_type=\"widget\" data-e-type=\"widget\" data-widget_type=\"text-editor.default\">\n\t\t\t\t<div class=\"elementor-widget-container\">\n\t\t\t\t\t\t\t\t\t<h4 style=\"font-size: 1.33333rem; font-style: normal;\">Fischvorkommen<\/h4><p style=\"font-size: 15px; font-style: normal; font-weight: 400;\"><span style=\"font-family: Arial;\">Hauptfischart ist der Spiegelkarpfen. Schleien kommen in gr\u00f6\u00dferen Schulen vor. Kapitale Schleien und Zander sind neben vielen Futterfischen vorhanden. Leider sind die vorkommenden Waller \u2013 die in letzter Zeit verst\u00e4rkt befischt und gefangen werden \u2013 daf\u00fcr verantwortlich, dass der Schleien- und Weissfischbestand stark abgenommen hat. Von Zeit zu Zeit kann auch ein Vorkommen von 2 \u20ac gro\u00dfen S\u00fc\u00dfwasserquallen beobachtet werden. Edelkrebse, die besetzt wurden, sind vermutlich von anderen Krebsarten verdr\u00e4ngt worden.<\/span><\/p>\t\t\t\t\t\t\t\t<\/div>\n\t\t\t\t<\/div>\n\t\t\t\t<div class=\"elementor-element elementor-element-135efb5 elementor-widget-divider--view-line_icon elementor-widget-divider--separator-type-pattern elementor-view-default elementor-widget-divider--element-align-center elementor-widget elementor-widget-divider\" data-id=\"135efb5\" data-element_type=\"widget\" data-e-type=\"widget\" data-widget_type=\"divider.default\">\n\t\t\t\t<div class=\"elementor-widget-container\">\n\t\t\t\t\t\t\t<div class=\"elementor-divider\" style=\"--divider-pattern-url: url(&quot;data:image\/svg+xml,%3Csvg xmlns=&#039;http:\/\/www.w3.org\/2000\/svg&#039; preserveAspectRatio=&#039;none&#039; overflow=&#039;visible&#039; height=&#039;100%&#039; viewBox=&#039;0 0 24 24&#039; fill=&#039;none&#039; stroke=&#039;black&#039; stroke-width=&#039;1&#039; stroke-linecap=&#039;square&#039; stroke-miterlimit=&#039;10&#039;%3E%3Cpath d=&#039;M0,6c6,0,6,13,12,13S18,6,24,6&#039;\/%3E%3C\/svg%3E&quot;);\">\n\t\t\t<span class=\"elementor-divider-separator\">\n\t\t\t\t\t\t\t<div class=\"elementor-icon elementor-divider__element\">\n\t\t\t\t\t<i aria-hidden=\"true\" class=\"fas fa-fish\"><\/i><\/div>\n\t\t\t\t\t\t<\/span>\n\t\t<\/div>\n\t\t\t\t\t\t<\/div>\n\t\t\t\t<\/div>\n\t\t\t\t<div class=\"elementor-element elementor-element-2e13c58a elementor-widget elementor-widget-text-editor\" data-id=\"2e13c58a\" data-element_type=\"widget\" data-e-type=\"widget\" data-widget_type=\"text-editor.default\">\n\t\t\t\t<div class=\"elementor-widget-container\">\n\t\t\t\t\t\t\t\t\t<h4>Weiteres<\/h4><p><span style=\"font-family: Arial;\"><a href=\"https:\/\/anglerverein-mm.de\/wp-content\/uploads\/2022\/01\/see3.pdf\">Datenblatt <\/a>zum See 3 vom Tiergesundheitsdienst<\/span><span style=\"font-family: Arial;\"><br \/><\/span><\/p><p><span style=\"font-family: Arial;\">\u00a0<\/span><\/p>\t\t\t\t\t\t\t\t<\/div>\n\t\t\t\t<\/div>\n\t\t\t\t\t<\/div>\n\t\t<\/div>\n\t\t\t\t\t<\/div>\n\t\t<\/section>\n\t\t\t\t<\/div>\n\t\t","protected":false},"excerpt":{"rendered":"<p>Dieser ca. 2,4 ha gro\u00dfe Baggersee hat eine charakteristische Halbinsel, die von Anglern gern als Angelplatz angenommen wird. Eine kleine Insel dient dem Eisvogel als Brutplatz und darf nicht betreten werden. Sehr idyllisch gelegener See mit starkem Baum- und Strauchbestand. Dieser See wird vom Grundwasser gespeist und ist zus\u00e4tzlich seit dem Jahr 2006 zum Main [&hellip;]<\/p>\n","protected":false},"author":2,"featured_media":0,"parent":0,"menu_order":0,"comment_status":"closed","ping_status":"closed","template":"","meta":{"site-sidebar-layout":"no-sidebar","site-content-layout":"default","ast-site-content-layout":"default","site-content-style":"default","site-sidebar-style":"default","ast-global-header-display":"","ast-banner-title-visibility":"","ast-main-header-display":"","ast-hfb-above-header-display":"","ast-hfb-below-header-display":"","ast-hfb-mobile-header-display":"","site-post-title":"","ast-breadcrumbs-content":"","ast-featured-img":"","footer-sml-layout":"","ast-disable-related-posts":"","theme-transparent-header-meta":"","adv-header-id-meta":"","stick-header-meta":"","header-above-stick-meta":"","header-main-stick-meta":"","header-below-stick-meta":"","astra-migrate-meta-layouts":"default","ast-page-background-enabled":"default","ast-page-background-meta":{"desktop":{"background-color":"var(--ast-global-color-4)","background-image":"","background-repeat":"repeat","background-position":"center center","background-size":"auto","background-attachment":"scroll","background-type":"","background-media":"","overlay-type":"","overlay-color":"","overlay-opacity":"","overlay-gradient":""},"tablet":{"background-color":"","background-image":"","background-repeat":"repeat","background-position":"center center","background-size":"auto","background-attachment":"scroll","background-type":"","background-media":"","overlay-type":"","overlay-color":"","overlay-opacity":"","overlay-gradient":""},"mobile":{"background-color":"","background-image":"","background-repeat":"repeat","background-position":"center center","background-size":"auto","background-attachment":"scroll","background-type":"","background-media":"","overlay-type":"","overlay-color":"","overlay-opacity":"","overlay-gradient":""}},"ast-content-background-meta":{"desktop":{"background-color":"var(--ast-global-color-5)","background-image":"","background-repeat":"repeat","background-position":"center center","background-size":"auto","background-attachment":"scroll","background-type":"","background-media":"","overlay-type":"","overlay-color":"","overlay-opacity":"","overlay-gradient":""},"tablet":{"background-color":"var(--ast-global-color-5)","background-image":"","background-repeat":"repeat","background-position":"center center","background-size":"auto","background-attachment":"scroll","background-type":"","background-media":"","overlay-type":"","overlay-color":"","overlay-opacity":"","overlay-gradient":""},"mobile":{"background-color":"var(--ast-global-color-5)","background-image":"","background-repeat":"repeat","background-position":"center center","background-size":"auto","background-attachment":"scroll","background-type":"","background-media":"","overlay-type":"","overlay-color":"","overlay-opacity":"","overlay-gradient":""}},"footnotes":""},"class_list":["post-1009","page","type-page","status-publish","hentry"],"_links":{"self":[{"href":"https:\/\/anglerverein-mm.de\/index.php?rest_route=\/wp\/v2\/pages\/1009","targetHints":{"allow":["GET"]}}],"collection":[{"href":"https:\/\/anglerverein-mm.de\/index.php?rest_route=\/wp\/v2\/pages"}],"about":[{"href":"https:\/\/anglerverein-mm.de\/index.php?rest_route=\/wp\/v2\/types\/page"}],"author":[{"embeddable":true,"href":"https:\/\/anglerverein-mm.de\/index.php?rest_route=\/wp\/v2\/users\/2"}],"replies":[{"embeddable":true,"href":"https:\/\/anglerverein-mm.de\/index.php?rest_route=%2Fwp%2Fv2%2Fcomments&post=1009"}],"version-history":[{"count":3,"href":"https:\/\/anglerverein-mm.de\/index.php?rest_route=\/wp\/v2\/pages\/1009\/revisions"}],"predecessor-version":[{"id":1166,"href":"https:\/\/anglerverein-mm.de\/index.php?rest_route=\/wp\/v2\/pages\/1009\/revisions\/1166"}],"wp:attachment":[{"href":"https:\/\/anglerverein-mm.de\/index.php?rest_route=%2Fwp%2Fv2%2Fmedia&parent=1009"}],"curies":[{"name":"wp","href":"https:\/\/api.w.org\/{rel}","templated":true}]}}