{"id":941,"date":"2022-01-04T09:27:23","date_gmt":"2022-01-04T09:27:23","guid":{"rendered":"https:\/\/anglerverein-mm.de\/?page_id=941"},"modified":"2022-01-04T19:33:47","modified_gmt":"2022-01-04T19:33:47","slug":"see-i","status":"publish","type":"page","link":"https:\/\/anglerverein-mm.de\/?page_id=941","title":{"rendered":"See I"},"content":{"rendered":"\t\t<div data-elementor-type=\"wp-page\" data-elementor-id=\"941\" class=\"elementor elementor-941\" data-elementor-post-type=\"page\">\n\t\t\t\t\t\t<section class=\"elementor-section elementor-top-section elementor-element elementor-element-1b89abcb elementor-section-boxed elementor-section-height-default elementor-section-height-default\" data-id=\"1b89abcb\" data-element_type=\"section\" data-e-type=\"section\">\n\t\t\t\t\t\t<div class=\"elementor-container elementor-column-gap-default\">\n\t\t\t\t\t<div class=\"elementor-column elementor-col-100 elementor-top-column elementor-element elementor-element-41cd4841\" data-id=\"41cd4841\" data-element_type=\"column\" data-e-type=\"column\">\n\t\t\t<div class=\"elementor-widget-wrap elementor-element-populated\">\n\t\t\t\t\t\t<div class=\"elementor-element elementor-element-f376734 elementor-widget elementor-widget-text-editor\" data-id=\"f376734\" data-element_type=\"widget\" data-e-type=\"widget\" data-widget_type=\"text-editor.default\">\n\t\t\t\t<div class=\"elementor-widget-container\">\n\t\t\t\t\t\t\t\t\t<p style=\"text-align: left;\"><span style=\"box-sizing: border-box; font-family: Arial;\">Rekultivierter Baggersee mit geringem Baumbestand. Die Wasserqualit\u00e4t aller Seen wird durch die Gew\u00e4sserwarte \u00fcberwacht und eine von Zeit zu Zeit durchgef\u00fchrte Langzeituntersuchung des Fischgesundheitsdienstes Grub begleitet.<\/span><\/p><p style=\"text-align: left;\">\u00a0<\/p>\t\t\t\t\t\t\t\t<\/div>\n\t\t\t\t<\/div>\n\t\t\t\t<div class=\"elementor-element elementor-element-240be5c elementor-widget elementor-widget-image-gallery\" data-id=\"240be5c\" data-element_type=\"widget\" data-e-type=\"widget\" data-widget_type=\"image-gallery.default\">\n\t\t\t\t<div class=\"elementor-widget-container\">\n\t\t\t\t\t\t\t<div class=\"elementor-image-gallery\">\n\t\t\t<div id='gallery-1' class='gallery galleryid-941 gallery-columns-3 gallery-size-medium'><figure class='gallery-item'>\n\t\t\t<div class='gallery-icon landscape'>\n\t\t\t\t<a data-elementor-open-lightbox=\"yes\" data-elementor-lightbox-slideshow=\"240be5c\" data-elementor-lightbox-title=\"see1_3\" data-e-action-hash=\"#elementor-action%3Aaction%3Dlightbox%26settings%3DeyJpZCI6OTU5LCJ1cmwiOiJodHRwczpcL1wvYW5nbGVydmVyZWluLW1tLmRlXC93cC1jb250ZW50XC91cGxvYWRzXC8yMDIyXC8wMVwvc2VlMV8zLmpwZWciLCJzbGlkZXNob3ciOiIyNDBiZTVjIn0%3D\" href='https:\/\/anglerverein-mm.de\/wp-content\/uploads\/2022\/01\/see1_3.jpeg'><img fetchpriority=\"high\" decoding=\"async\" width=\"300\" height=\"195\" src=\"https:\/\/anglerverein-mm.de\/wp-content\/uploads\/2022\/01\/see1_3-300x195.jpeg\" class=\"attachment-medium size-medium\" alt=\"\" srcset=\"https:\/\/anglerverein-mm.de\/wp-content\/uploads\/2022\/01\/see1_3-300x195.jpeg 300w, https:\/\/anglerverein-mm.de\/wp-content\/uploads\/2022\/01\/see1_3-768x498.jpeg 768w, https:\/\/anglerverein-mm.de\/wp-content\/uploads\/2022\/01\/see1_3.jpeg 800w\" sizes=\"(max-width: 300px) 100vw, 300px\" \/><\/a>\n\t\t\t<\/div><\/figure><figure class='gallery-item'>\n\t\t\t<div class='gallery-icon landscape'>\n\t\t\t\t<a data-elementor-open-lightbox=\"yes\" data-elementor-lightbox-slideshow=\"240be5c\" data-elementor-lightbox-title=\"see1_2\" data-e-action-hash=\"#elementor-action%3Aaction%3Dlightbox%26settings%3DeyJpZCI6OTU4LCJ1cmwiOiJodHRwczpcL1wvYW5nbGVydmVyZWluLW1tLmRlXC93cC1jb250ZW50XC91cGxvYWRzXC8yMDIyXC8wMVwvc2VlMV8yLmpwZWciLCJzbGlkZXNob3ciOiIyNDBiZTVjIn0%3D\" href='https:\/\/anglerverein-mm.de\/wp-content\/uploads\/2022\/01\/see1_2.jpeg'><img decoding=\"async\" width=\"300\" height=\"208\" src=\"https:\/\/anglerverein-mm.de\/wp-content\/uploads\/2022\/01\/see1_2-300x208.jpeg\" class=\"attachment-medium size-medium\" alt=\"\" srcset=\"https:\/\/anglerverein-mm.de\/wp-content\/uploads\/2022\/01\/see1_2-300x208.jpeg 300w, https:\/\/anglerverein-mm.de\/wp-content\/uploads\/2022\/01\/see1_2-768x532.jpeg 768w, https:\/\/anglerverein-mm.de\/wp-content\/uploads\/2022\/01\/see1_2.jpeg 800w\" sizes=\"(max-width: 300px) 100vw, 300px\" \/><\/a>\n\t\t\t<\/div><\/figure><figure class='gallery-item'>\n\t\t\t<div class='gallery-icon landscape'>\n\t\t\t\t<a data-elementor-open-lightbox=\"yes\" data-elementor-lightbox-slideshow=\"240be5c\" data-elementor-lightbox-title=\"see1_1\" data-e-action-hash=\"#elementor-action%3Aaction%3Dlightbox%26settings%3DeyJpZCI6OTU3LCJ1cmwiOiJodHRwczpcL1wvYW5nbGVydmVyZWluLW1tLmRlXC93cC1jb250ZW50XC91cGxvYWRzXC8yMDIyXC8wMVwvc2VlMV8xLmpwZWciLCJzbGlkZXNob3ciOiIyNDBiZTVjIn0%3D\" href='https:\/\/anglerverein-mm.de\/wp-content\/uploads\/2022\/01\/see1_1.jpeg'><img decoding=\"async\" width=\"300\" height=\"204\" src=\"https:\/\/anglerverein-mm.de\/wp-content\/uploads\/2022\/01\/see1_1-300x204.jpeg\" class=\"attachment-medium size-medium\" alt=\"\" srcset=\"https:\/\/anglerverein-mm.de\/wp-content\/uploads\/2022\/01\/see1_1-300x204.jpeg 300w, https:\/\/anglerverein-mm.de\/wp-content\/uploads\/2022\/01\/see1_1-768x523.jpeg 768w, https:\/\/anglerverein-mm.de\/wp-content\/uploads\/2022\/01\/see1_1.jpeg 800w\" sizes=\"(max-width: 300px) 100vw, 300px\" \/><\/a>\n\t\t\t<\/div><\/figure>\n\t\t<\/div>\n\t\t<\/div>\n\t\t\t\t\t\t<\/div>\n\t\t\t\t<\/div>\n\t\t\t\t<div class=\"elementor-element elementor-element-00dc86a elementor-widget-divider--view-line_icon elementor-widget-divider--separator-type-pattern elementor-view-default elementor-widget-divider--element-align-center elementor-widget elementor-widget-divider\" data-id=\"00dc86a\" data-element_type=\"widget\" data-e-type=\"widget\" data-widget_type=\"divider.default\">\n\t\t\t\t<div class=\"elementor-widget-container\">\n\t\t\t\t\t\t\t<div class=\"elementor-divider\" style=\"--divider-pattern-url: url(&quot;data:image\/svg+xml,%3Csvg xmlns=&#039;http:\/\/www.w3.org\/2000\/svg&#039; preserveAspectRatio=&#039;none&#039; overflow=&#039;visible&#039; height=&#039;100%&#039; viewBox=&#039;0 0 24 24&#039; fill=&#039;none&#039; stroke=&#039;black&#039; stroke-width=&#039;1&#039; stroke-linecap=&#039;square&#039; stroke-miterlimit=&#039;10&#039;%3E%3Cpath d=&#039;M0,6c6,0,6,13,12,13S18,6,24,6&#039;\/%3E%3C\/svg%3E&quot;);\">\n\t\t\t<span class=\"elementor-divider-separator\">\n\t\t\t\t\t\t\t<div class=\"elementor-icon elementor-divider__element\">\n\t\t\t\t\t<i aria-hidden=\"true\" class=\"fas fa-fish\"><\/i><\/div>\n\t\t\t\t\t\t<\/span>\n\t\t<\/div>\n\t\t\t\t\t\t<\/div>\n\t\t\t\t<\/div>\n\t\t\t\t<div class=\"elementor-element elementor-element-0a9aeda elementor-widget elementor-widget-text-editor\" data-id=\"0a9aeda\" data-element_type=\"widget\" data-e-type=\"widget\" data-widget_type=\"text-editor.default\">\n\t\t\t\t<div class=\"elementor-widget-container\">\n\t\t\t\t\t\t\t\t\t<h4 style=\"font-size: 1.33333rem; font-style: normal;\"><span style=\"font-family: Arial;\">Bodenverh\u00e4ltnisse<\/span><\/h4><p style=\"font-size: 15px; font-style: normal; font-weight: 400;\"><span style=\"font-family: Arial;\">Von sandig (Flachzonen) bis zu schlammig in den tieferen Bereichen. In den Sommermonaten ist teilweise ein st\u00e4rkeres Wachstum von Wasserpflanzen zu beobachten.<\/span><\/p>\t\t\t\t\t\t\t\t<\/div>\n\t\t\t\t<\/div>\n\t\t\t\t<div class=\"elementor-element elementor-element-08713e7 elementor-widget-divider--view-line_icon elementor-widget-divider--separator-type-pattern elementor-view-default elementor-widget-divider--element-align-center elementor-widget elementor-widget-divider\" data-id=\"08713e7\" data-element_type=\"widget\" data-e-type=\"widget\" data-widget_type=\"divider.default\">\n\t\t\t\t<div class=\"elementor-widget-container\">\n\t\t\t\t\t\t\t<div class=\"elementor-divider\" style=\"--divider-pattern-url: url(&quot;data:image\/svg+xml,%3Csvg xmlns=&#039;http:\/\/www.w3.org\/2000\/svg&#039; preserveAspectRatio=&#039;none&#039; overflow=&#039;visible&#039; height=&#039;100%&#039; viewBox=&#039;0 0 24 24&#039; fill=&#039;none&#039; stroke=&#039;black&#039; stroke-width=&#039;1&#039; stroke-linecap=&#039;square&#039; stroke-miterlimit=&#039;10&#039;%3E%3Cpath d=&#039;M0,6c6,0,6,13,12,13S18,6,24,6&#039;\/%3E%3C\/svg%3E&quot;);\">\n\t\t\t<span class=\"elementor-divider-separator\">\n\t\t\t\t\t\t\t<div class=\"elementor-icon elementor-divider__element\">\n\t\t\t\t\t<i aria-hidden=\"true\" class=\"fas fa-fish\"><\/i><\/div>\n\t\t\t\t\t\t<\/span>\n\t\t<\/div>\n\t\t\t\t\t\t<\/div>\n\t\t\t\t<\/div>\n\t\t\t\t<div class=\"elementor-element elementor-element-9419125 elementor-widget elementor-widget-text-editor\" data-id=\"9419125\" data-element_type=\"widget\" data-e-type=\"widget\" data-widget_type=\"text-editor.default\">\n\t\t\t\t<div class=\"elementor-widget-container\">\n\t\t\t\t\t\t\t\t\t<h4>Tiefe<\/h4><p style=\"font-size: 15px; font-style: normal; font-weight: 400;\"><span style=\"font-family: Arial;\">Die Wassertiefe schwankt von 0,5 m in sandigen Flachzonen bis zu einer Tiefe von 4,5 m.<\/span><\/p>\t\t\t\t\t\t\t\t<\/div>\n\t\t\t\t<\/div>\n\t\t\t\t<div class=\"elementor-element elementor-element-d26dce1 elementor-widget-divider--view-line_icon elementor-widget-divider--separator-type-pattern elementor-view-default elementor-widget-divider--element-align-center elementor-widget elementor-widget-divider\" data-id=\"d26dce1\" data-element_type=\"widget\" data-e-type=\"widget\" data-widget_type=\"divider.default\">\n\t\t\t\t<div class=\"elementor-widget-container\">\n\t\t\t\t\t\t\t<div class=\"elementor-divider\" style=\"--divider-pattern-url: url(&quot;data:image\/svg+xml,%3Csvg xmlns=&#039;http:\/\/www.w3.org\/2000\/svg&#039; preserveAspectRatio=&#039;none&#039; overflow=&#039;visible&#039; height=&#039;100%&#039; viewBox=&#039;0 0 24 24&#039; fill=&#039;none&#039; stroke=&#039;black&#039; stroke-width=&#039;1&#039; stroke-linecap=&#039;square&#039; stroke-miterlimit=&#039;10&#039;%3E%3Cpath d=&#039;M0,6c6,0,6,13,12,13S18,6,24,6&#039;\/%3E%3C\/svg%3E&quot;);\">\n\t\t\t<span class=\"elementor-divider-separator\">\n\t\t\t\t\t\t\t<div class=\"elementor-icon elementor-divider__element\">\n\t\t\t\t\t<i aria-hidden=\"true\" class=\"fas fa-fish\"><\/i><\/div>\n\t\t\t\t\t\t<\/span>\n\t\t<\/div>\n\t\t\t\t\t\t<\/div>\n\t\t\t\t<\/div>\n\t\t\t\t<div class=\"elementor-element elementor-element-d0a31ca elementor-widget elementor-widget-text-editor\" data-id=\"d0a31ca\" data-element_type=\"widget\" data-e-type=\"widget\" data-widget_type=\"text-editor.default\">\n\t\t\t\t<div class=\"elementor-widget-container\">\n\t\t\t\t\t\t\t\t\t<h4 style=\"font-size: 1.33333rem; font-style: normal;\">Fischvorkommen<\/h4><p style=\"font-size: 15px; font-style: normal; font-weight: 400;\"><span style=\"font-family: Arial;\">Leitfisch \u2013 wie in allen Baggerseen des Vereins \u2013 ist der Spiegelkarpfen. Kapitale Exemplare erreichen Gr\u00f6\u00dfen von bis zu 30 Pfund. Alle Wei\u00dffischarten kommen vor. Hechte, Zander, Barsche, Aale und Waller sind ebenfalls vorhanden. In den letzten Jahren hat sich der Rapfenbestand stark vermehrt. Signal- und Kamberkrebse sind \u00fcber den Main zugewandert (Hochwasser).<\/span><\/p>\t\t\t\t\t\t\t\t<\/div>\n\t\t\t\t<\/div>\n\t\t\t\t<div class=\"elementor-element elementor-element-135efb5 elementor-widget-divider--view-line_icon elementor-widget-divider--separator-type-pattern elementor-view-default elementor-widget-divider--element-align-center elementor-widget elementor-widget-divider\" data-id=\"135efb5\" data-element_type=\"widget\" data-e-type=\"widget\" data-widget_type=\"divider.default\">\n\t\t\t\t<div class=\"elementor-widget-container\">\n\t\t\t\t\t\t\t<div class=\"elementor-divider\" style=\"--divider-pattern-url: url(&quot;data:image\/svg+xml,%3Csvg xmlns=&#039;http:\/\/www.w3.org\/2000\/svg&#039; preserveAspectRatio=&#039;none&#039; overflow=&#039;visible&#039; height=&#039;100%&#039; viewBox=&#039;0 0 24 24&#039; fill=&#039;none&#039; stroke=&#039;black&#039; stroke-width=&#039;1&#039; stroke-linecap=&#039;square&#039; stroke-miterlimit=&#039;10&#039;%3E%3Cpath d=&#039;M0,6c6,0,6,13,12,13S18,6,24,6&#039;\/%3E%3C\/svg%3E&quot;);\">\n\t\t\t<span class=\"elementor-divider-separator\">\n\t\t\t\t\t\t\t<div class=\"elementor-icon elementor-divider__element\">\n\t\t\t\t\t<i aria-hidden=\"true\" class=\"fas fa-fish\"><\/i><\/div>\n\t\t\t\t\t\t<\/span>\n\t\t<\/div>\n\t\t\t\t\t\t<\/div>\n\t\t\t\t<\/div>\n\t\t\t\t<div class=\"elementor-element elementor-element-2e13c58a elementor-widget elementor-widget-text-editor\" data-id=\"2e13c58a\" data-element_type=\"widget\" data-e-type=\"widget\" data-widget_type=\"text-editor.default\">\n\t\t\t\t<div class=\"elementor-widget-container\">\n\t\t\t\t\t\t\t\t\t<h4>Weiteres<\/h4>\n<p><a href=\"https:\/\/anglerverein-mm.de\/wp-content\/uploads\/2022\/01\/datenblatt_see1.pdf\" style=\"background-color: rgb(255, 255, 255); font-family: Arial;\">Datenblatt&nbsp;<\/a><span style=\"font-family: Arial;\">zum See 1 vom Tiergesundheitsdienst<\/span><span style=\"font-family: Arial;\"><br><\/span><\/p><p><span style=\"font-family: Arial;\"><br><\/span><\/p><p><span style=\"font-family: Arial;\">Am 27.07.2001 hat ein von uns beauftragtes Taucherteam den See erkundet. Die Ergebnisse finden Sie auf folgenden Bildern:<\/span><\/p>\n<p><br><\/p>\t\t\t\t\t\t\t\t<\/div>\n\t\t\t\t<\/div>\n\t\t\t\t<div class=\"elementor-element elementor-element-38a289d elementor-widget elementor-widget-gallery\" data-id=\"38a289d\" data-element_type=\"widget\" data-e-type=\"widget\" data-settings=\"{&quot;gallery_layout&quot;:&quot;justified&quot;,&quot;ideal_row_height&quot;:{&quot;unit&quot;:&quot;px&quot;,&quot;size&quot;:300,&quot;sizes&quot;:[]},&quot;gap&quot;:{&quot;unit&quot;:&quot;px&quot;,&quot;size&quot;:21,&quot;sizes&quot;:[]},&quot;lazyload&quot;:&quot;yes&quot;,&quot;ideal_row_height_tablet&quot;:{&quot;unit&quot;:&quot;px&quot;,&quot;size&quot;:150,&quot;sizes&quot;:[]},&quot;ideal_row_height_mobile&quot;:{&quot;unit&quot;:&quot;px&quot;,&quot;size&quot;:150,&quot;sizes&quot;:[]},&quot;gap_tablet&quot;:{&quot;unit&quot;:&quot;px&quot;,&quot;size&quot;:10,&quot;sizes&quot;:[]},&quot;gap_mobile&quot;:{&quot;unit&quot;:&quot;px&quot;,&quot;size&quot;:10,&quot;sizes&quot;:[]},&quot;link_to&quot;:&quot;file&quot;,&quot;overlay_background&quot;:&quot;yes&quot;,&quot;content_hover_animation&quot;:&quot;fade-in&quot;}\" data-widget_type=\"gallery.default\">\n\t\t\t\t<div class=\"elementor-widget-container\">\n\t\t\t\t\t\t\t<div class=\"elementor-gallery__container\">\n\t\t\t\t\t\t\t<a class=\"e-gallery-item elementor-gallery-item elementor-animated-content\" href=\"https:\/\/anglerverein-mm.de\/wp-content\/uploads\/2022\/01\/Untersuchung_see1.jpeg\" data-elementor-open-lightbox=\"yes\" data-elementor-lightbox-slideshow=\"38a289d\" data-elementor-lightbox-title=\"Untersuchung_see1\" data-e-action-hash=\"#elementor-action%3Aaction%3Dlightbox%26settings%3DeyJpZCI6OTQ0LCJ1cmwiOiJodHRwczpcL1wvYW5nbGVydmVyZWluLW1tLmRlXC93cC1jb250ZW50XC91cGxvYWRzXC8yMDIyXC8wMVwvVW50ZXJzdWNodW5nX3NlZTEuanBlZyIsInNsaWRlc2hvdyI6IjM4YTI4OWQifQ%3D%3D\">\n\t\t\t\t\t<div class=\"e-gallery-image elementor-gallery-item__image\" data-thumbnail=\"https:\/\/anglerverein-mm.de\/wp-content\/uploads\/2022\/01\/Untersuchung_see1-768x1025.jpeg\" data-width=\"768\" data-height=\"1025\" aria-label=\"\" role=\"img\" ><\/div>\n\t\t\t\t\t\t\t\t\t\t\t<div class=\"elementor-gallery-item__overlay\"><\/div>\n\t\t\t\t\t\t\t\t\t\t\t\t\t\t<\/a>\n\t\t\t\t\t\t\t<a class=\"e-gallery-item elementor-gallery-item elementor-animated-content\" href=\"https:\/\/anglerverein-mm.de\/wp-content\/uploads\/2022\/01\/Untersuchung_see1_2.jpeg\" data-elementor-open-lightbox=\"yes\" data-elementor-lightbox-slideshow=\"38a289d\" data-elementor-lightbox-title=\"Untersuchung_see1_2\" data-e-action-hash=\"#elementor-action%3Aaction%3Dlightbox%26settings%3DeyJpZCI6OTQzLCJ1cmwiOiJodHRwczpcL1wvYW5nbGVydmVyZWluLW1tLmRlXC93cC1jb250ZW50XC91cGxvYWRzXC8yMDIyXC8wMVwvVW50ZXJzdWNodW5nX3NlZTFfMi5qcGVnIiwic2xpZGVzaG93IjoiMzhhMjg5ZCJ9\">\n\t\t\t\t\t<div class=\"e-gallery-image elementor-gallery-item__image\" data-thumbnail=\"https:\/\/anglerverein-mm.de\/wp-content\/uploads\/2022\/01\/Untersuchung_see1_2-768x540.jpeg\" data-width=\"768\" data-height=\"540\" aria-label=\"\" role=\"img\" ><\/div>\n\t\t\t\t\t\t\t\t\t\t\t<div class=\"elementor-gallery-item__overlay\"><\/div>\n\t\t\t\t\t\t\t\t\t\t\t\t\t\t<\/a>\n\t\t\t\t\t<\/div>\n\t\t\t\t\t<\/div>\n\t\t\t\t<\/div>\n\t\t\t\t\t<\/div>\n\t\t<\/div>\n\t\t\t\t\t<\/div>\n\t\t<\/section>\n\t\t\t\t<\/div>\n\t\t","protected":false},"excerpt":{"rendered":"<p>Rekultivierter Baggersee mit geringem Baumbestand. Die Wasserqualit\u00e4t aller Seen wird durch die Gew\u00e4sserwarte \u00fcberwacht und eine von Zeit zu Zeit durchgef\u00fchrte Langzeituntersuchung des Fischgesundheitsdienstes Grub begleitet. \u00a0 Bodenverh\u00e4ltnisse Von sandig (Flachzonen) bis zu schlammig in den tieferen Bereichen. In den Sommermonaten ist teilweise ein st\u00e4rkeres Wachstum von Wasserpflanzen zu beobachten. Tiefe Die Wassertiefe schwankt von [&hellip;]<\/p>\n","protected":false},"author":2,"featured_media":0,"parent":0,"menu_order":0,"comment_status":"closed","ping_status":"closed","template":"","meta":{"site-sidebar-layout":"no-sidebar","site-content-layout":"default","ast-site-content-layout":"default","site-content-style":"default","site-sidebar-style":"default","ast-global-header-display":"","ast-banner-title-visibility":"","ast-main-header-display":"","ast-hfb-above-header-display":"","ast-hfb-below-header-display":"","ast-hfb-mobile-header-display":"","site-post-title":"","ast-breadcrumbs-content":"","ast-featured-img":"","footer-sml-layout":"","ast-disable-related-posts":"","theme-transparent-header-meta":"","adv-header-id-meta":"","stick-header-meta":"","header-above-stick-meta":"","header-main-stick-meta":"","header-below-stick-meta":"","astra-migrate-meta-layouts":"default","ast-page-background-enabled":"default","ast-page-background-meta":{"desktop":{"background-color":"var(--ast-global-color-4)","background-image":"","background-repeat":"repeat","background-position":"center center","background-size":"auto","background-attachment":"scroll","background-type":"","background-media":"","overlay-type":"","overlay-color":"","overlay-opacity":"","overlay-gradient":""},"tablet":{"background-color":"","background-image":"","background-repeat":"repeat","background-position":"center center","background-size":"auto","background-attachment":"scroll","background-type":"","background-media":"","overlay-type":"","overlay-color":"","overlay-opacity":"","overlay-gradient":""},"mobile":{"background-color":"","background-image":"","background-repeat":"repeat","background-position":"center center","background-size":"auto","background-attachment":"scroll","background-type":"","background-media":"","overlay-type":"","overlay-color":"","overlay-opacity":"","overlay-gradient":""}},"ast-content-background-meta":{"desktop":{"background-color":"var(--ast-global-color-5)","background-image":"","background-repeat":"repeat","background-position":"center center","background-size":"auto","background-attachment":"scroll","background-type":"","background-media":"","overlay-type":"","overlay-color":"","overlay-opacity":"","overlay-gradient":""},"tablet":{"background-color":"var(--ast-global-color-5)","background-image":"","background-repeat":"repeat","background-position":"center center","background-size":"auto","background-attachment":"scroll","background-type":"","background-media":"","overlay-type":"","overlay-color":"","overlay-opacity":"","overlay-gradient":""},"mobile":{"background-color":"var(--ast-global-color-5)","background-image":"","background-repeat":"repeat","background-position":"center center","background-size":"auto","background-attachment":"scroll","background-type":"","background-media":"","overlay-type":"","overlay-color":"","overlay-opacity":"","overlay-gradient":""}},"footnotes":""},"class_list":["post-941","page","type-page","status-publish","hentry"],"_links":{"self":[{"href":"https:\/\/anglerverein-mm.de\/index.php?rest_route=\/wp\/v2\/pages\/941","targetHints":{"allow":["GET"]}}],"collection":[{"href":"https:\/\/anglerverein-mm.de\/index.php?rest_route=\/wp\/v2\/pages"}],"about":[{"href":"https:\/\/anglerverein-mm.de\/index.php?rest_route=\/wp\/v2\/types\/page"}],"author":[{"embeddable":true,"href":"https:\/\/anglerverein-mm.de\/index.php?rest_route=\/wp\/v2\/users\/2"}],"replies":[{"embeddable":true,"href":"https:\/\/anglerverein-mm.de\/index.php?rest_route=%2Fwp%2Fv2%2Fcomments&post=941"}],"version-history":[{"count":12,"href":"https:\/\/anglerverein-mm.de\/index.php?rest_route=\/wp\/v2\/pages\/941\/revisions"}],"predecessor-version":[{"id":1160,"href":"https:\/\/anglerverein-mm.de\/index.php?rest_route=\/wp\/v2\/pages\/941\/revisions\/1160"}],"wp:attachment":[{"href":"https:\/\/anglerverein-mm.de\/index.php?rest_route=%2Fwp%2Fv2%2Fmedia&parent=941"}],"curies":[{"name":"wp","href":"https:\/\/api.w.org\/{rel}","templated":true}]}}